{"id":6257,"date":"2025-09-24T16:19:12","date_gmt":"2025-09-24T14:19:12","guid":{"rendered":"https:\/\/aktivmagyarorszag.hu\/aktiv-eletmod\/?page_id=6257"},"modified":"2026-04-14T13:24:38","modified_gmt":"2026-04-14T11:24:38","slug":"aktiv-terkep","status":"publish","type":"page","link":"https:\/\/aktivmagyarorszag.hu\/aktiv-eletmod\/aktiv-terkep\/","title":{"rendered":"Akt\u00edv t\u00e9rk\u00e9p"},"content":{"rendered":"\n\n\n<p><\/p>\n","protected":false},"excerpt":{"rendered":"","protected":false},"author":3,"featured_media":0,"parent":0,"menu_order":0,"comment_status":"closed","ping_status":"closed","template":"","meta":{"_acf_changed":false,"_uag_custom_page_level_css":"","footnotes":""},"class_list":["post-6257","page","type-page","status-publish","hentry"],"acf":[],"yoast_head":"<!-- This site is optimized with the Yoast SEO Premium plugin v27.2 (Yoast SEO v27.2) - https:\/\/yoast.com\/product\/yoast-seo-premium-wordpress\/ -->\n<title>Akt\u00edv t\u00e9rk\u00e9p - Akt\u00edv \u00c9letm\u00f3d<\/title>\n<meta name=\"robots\" content=\"noindex, nofollow\" \/>\n<meta property=\"og:locale\" content=\"hu_HU\" \/>\n<meta property=\"og:type\" content=\"article\" \/>\n<meta property=\"og:title\" content=\"Akt\u00edv t\u00e9rk\u00e9p\" \/>\n<meta property=\"og:url\" content=\"https:\/\/aktivmagyarorszag.hu\/aktiv-eletmod\/aktiv-terkep\/\" \/>\n<meta property=\"og:site_name\" content=\"Akt\u00edv \u00c9letm\u00f3d\" \/>\n<meta property=\"article:modified_time\" content=\"2026-04-14T11:24:38+00:00\" \/>\n<meta name=\"twitter:card\" content=\"summary_large_image\" \/>\n<meta name=\"twitter:label1\" content=\"Becs\u00fclt olvas\u00e1si id\u0151\" \/>\n\t<meta name=\"twitter:data1\" content=\"3 perc\" \/>\n<script type=\"application\/ld+json\" class=\"yoast-schema-graph\">{\"@context\":\"https:\/\/schema.org\",\"@graph\":[{\"@type\":\"WebPage\",\"@id\":\"https:\/\/aktivmagyarorszag.hu\/aktiv-eletmod\/aktiv-terkep\/\",\"url\":\"https:\/\/aktivmagyarorszag.hu\/aktiv-eletmod\/aktiv-terkep\/\",\"name\":\"Akt\u00edv t\u00e9rk\u00e9p - Akt\u00edv \u00c9letm\u00f3d\",\"isPartOf\":{\"@id\":\"https:\/\/aktivmagyarorszag.hu\/aktiv-eletmod\/#website\"},\"datePublished\":\"2025-09-24T14:19:12+00:00\",\"dateModified\":\"2026-04-14T11:24:38+00:00\",\"breadcrumb\":{\"@id\":\"https:\/\/aktivmagyarorszag.hu\/aktiv-eletmod\/aktiv-terkep\/#breadcrumb\"},\"inLanguage\":\"hu\",\"potentialAction\":[{\"@type\":\"ReadAction\",\"target\":[\"https:\/\/aktivmagyarorszag.hu\/aktiv-eletmod\/aktiv-terkep\/\"]}]},{\"@type\":\"BreadcrumbList\",\"@id\":\"https:\/\/aktivmagyarorszag.hu\/aktiv-eletmod\/aktiv-terkep\/#breadcrumb\",\"itemListElement\":[{\"@type\":\"ListItem\",\"position\":1,\"name\":\"Kezd\u0151lap\",\"item\":\"https:\/\/aktivmagyarorszag.hu\/aktiv-eletmod\/\"},{\"@type\":\"ListItem\",\"position\":2,\"name\":\"Akt\u00edv t\u00e9rk\u00e9p\"}]},{\"@type\":\"WebSite\",\"@id\":\"https:\/\/aktivmagyarorszag.hu\/aktiv-eletmod\/#website\",\"url\":\"https:\/\/aktivmagyarorszag.hu\/aktiv-eletmod\/\",\"name\":\"Akt\u00edv \u00c9letm\u00f3d\",\"description\":\"Akt\u00edv Magyarorsz\u00e1g\",\"potentialAction\":[{\"@type\":\"SearchAction\",\"target\":{\"@type\":\"EntryPoint\",\"urlTemplate\":\"https:\/\/aktivmagyarorszag.hu\/aktiv-eletmod\/?s={search_term_string}\"},\"query-input\":{\"@type\":\"PropertyValueSpecification\",\"valueRequired\":true,\"valueName\":\"search_term_string\"}}],\"inLanguage\":\"hu\"}]}<\/script>\n<!-- \/ Yoast SEO Premium plugin. -->","yoast_head_json":{"title":"Akt\u00edv t\u00e9rk\u00e9p - Akt\u00edv \u00c9letm\u00f3d","robots":{"index":"noindex","follow":"nofollow"},"og_locale":"hu_HU","og_type":"article","og_title":"Akt\u00edv t\u00e9rk\u00e9p","og_url":"https:\/\/aktivmagyarorszag.hu\/aktiv-eletmod\/aktiv-terkep\/","og_site_name":"Akt\u00edv \u00c9letm\u00f3d","article_modified_time":"2026-04-14T11:24:38+00:00","twitter_card":"summary_large_image","twitter_misc":{"Becs\u00fclt olvas\u00e1si id\u0151":"3 perc"},"schema":{"@context":"https:\/\/schema.org","@graph":[{"@type":"WebPage","@id":"https:\/\/aktivmagyarorszag.hu\/aktiv-eletmod\/aktiv-terkep\/","url":"https:\/\/aktivmagyarorszag.hu\/aktiv-eletmod\/aktiv-terkep\/","name":"Akt\u00edv t\u00e9rk\u00e9p - Akt\u00edv \u00c9letm\u00f3d","isPartOf":{"@id":"https:\/\/aktivmagyarorszag.hu\/aktiv-eletmod\/#website"},"datePublished":"2025-09-24T14:19:12+00:00","dateModified":"2026-04-14T11:24:38+00:00","breadcrumb":{"@id":"https:\/\/aktivmagyarorszag.hu\/aktiv-eletmod\/aktiv-terkep\/#breadcrumb"},"inLanguage":"hu","potentialAction":[{"@type":"ReadAction","target":["https:\/\/aktivmagyarorszag.hu\/aktiv-eletmod\/aktiv-terkep\/"]}]},{"@type":"BreadcrumbList","@id":"https:\/\/aktivmagyarorszag.hu\/aktiv-eletmod\/aktiv-terkep\/#breadcrumb","itemListElement":[{"@type":"ListItem","position":1,"name":"Kezd\u0151lap","item":"https:\/\/aktivmagyarorszag.hu\/aktiv-eletmod\/"},{"@type":"ListItem","position":2,"name":"Akt\u00edv t\u00e9rk\u00e9p"}]},{"@type":"WebSite","@id":"https:\/\/aktivmagyarorszag.hu\/aktiv-eletmod\/#website","url":"https:\/\/aktivmagyarorszag.hu\/aktiv-eletmod\/","name":"Akt\u00edv \u00c9letm\u00f3d","description":"Akt\u00edv Magyarorsz\u00e1g","potentialAction":[{"@type":"SearchAction","target":{"@type":"EntryPoint","urlTemplate":"https:\/\/aktivmagyarorszag.hu\/aktiv-eletmod\/?s={search_term_string}"},"query-input":{"@type":"PropertyValueSpecification","valueRequired":true,"valueName":"search_term_string"}}],"inLanguage":"hu"}]}},"uagb_featured_image_src":{"full":false,"thumbnail":false,"medium":false,"medium_large":false,"large":false,"1536x1536":false,"2048x2048":false,"bricks_large_16x9":false,"bricks_large":false,"bricks_large_square":false,"bricks_medium":false,"bricks_medium_square":false,"gform-image-choice-sm":false,"gform-image-choice-md":false,"gform-image-choice-lg":false},"uagb_author_info":{"display_name":"dancsecs.mate@aofk.hu","author_link":"https:\/\/aktivmagyarorszag.hu\/aktiv-eletmod\/author\/0ef3af7a77637d62\/"},"uagb_comment_info":0,"uagb_excerpt":null,"_links":{"self":[{"href":"https:\/\/aktivmagyarorszag.hu\/aktiv-eletmod\/wp-json\/wp\/v2\/pages\/6257","targetHints":{"allow":["GET"]}}],"collection":[{"href":"https:\/\/aktivmagyarorszag.hu\/aktiv-eletmod\/wp-json\/wp\/v2\/pages"}],"about":[{"href":"https:\/\/aktivmagyarorszag.hu\/aktiv-eletmod\/wp-json\/wp\/v2\/types\/page"}],"author":[{"embeddable":true,"href":"https:\/\/aktivmagyarorszag.hu\/aktiv-eletmod\/wp-json\/wp\/v2\/users\/3"}],"replies":[{"embeddable":true,"href":"https:\/\/aktivmagyarorszag.hu\/aktiv-eletmod\/wp-json\/wp\/v2\/comments?post=6257"}],"version-history":[{"count":100,"href":"https:\/\/aktivmagyarorszag.hu\/aktiv-eletmod\/wp-json\/wp\/v2\/pages\/6257\/revisions"}],"predecessor-version":[{"id":8654,"href":"https:\/\/aktivmagyarorszag.hu\/aktiv-eletmod\/wp-json\/wp\/v2\/pages\/6257\/revisions\/8654"}],"wp:attachment":[{"href":"https:\/\/aktivmagyarorszag.hu\/aktiv-eletmod\/wp-json\/wp\/v2\/media?parent=6257"}],"curies":[{"name":"wp","href":"https:\/\/api.w.org\/{rel}","templated":true}]}}