{"id":5111,"date":"2025-07-17T12:03:33","date_gmt":"2025-07-17T10:03:33","guid":{"rendered":"https:\/\/aktivmagyarorszag.hu\/aktiv-eletmod\/?page_id=5111"},"modified":"2026-04-14T16:14:51","modified_gmt":"2026-04-14T14:14:51","slug":"aktiv-naptar","status":"publish","type":"page","link":"https:\/\/aktivmagyarorszag.hu\/aktiv-eletmod\/aktiv-naptar\/","title":{"rendered":"Akt\u00edv napt\u00e1r"},"content":{"rendered":"","protected":false},"excerpt":{"rendered":"","protected":false},"author":1,"featured_media":91,"parent":0,"menu_order":0,"comment_status":"closed","ping_status":"closed","template":"","meta":{"_acf_changed":false,"_uag_custom_page_level_css":"","footnotes":""},"class_list":["post-5111","page","type-page","status-publish","has-post-thumbnail","hentry"],"acf":[],"yoast_head":"<!-- This site is optimized with the Yoast SEO Premium plugin v27.2 (Yoast SEO v27.2) - https:\/\/yoast.com\/product\/yoast-seo-premium-wordpress\/ -->\n<title>Akt\u00edv napt\u00e1r - Akt\u00edv \u00c9letm\u00f3d<\/title>\n<meta name=\"robots\" content=\"noindex, nofollow\" \/>\n<meta property=\"og:locale\" content=\"hu_HU\" \/>\n<meta property=\"og:type\" content=\"article\" \/>\n<meta property=\"og:title\" content=\"Akt\u00edv napt\u00e1r\" \/>\n<meta property=\"og:url\" content=\"https:\/\/aktivmagyarorszag.hu\/aktiv-eletmod\/aktiv-naptar\/\" \/>\n<meta property=\"og:site_name\" content=\"Akt\u00edv \u00c9letm\u00f3d\" \/>\n<meta property=\"article:modified_time\" content=\"2026-04-14T14:14:51+00:00\" \/>\n<meta property=\"og:image\" content=\"https:\/\/aktivmagyarorszag.hu\/aktiv-eletmod\/wp-content\/uploads\/2025\/03\/aktivmagyarok_4.jpg\" \/>\n\t<meta property=\"og:image:width\" content=\"1920\" \/>\n\t<meta property=\"og:image:height\" content=\"1357\" \/>\n\t<meta property=\"og:image:type\" content=\"image\/jpeg\" \/>\n<meta name=\"twitter:card\" content=\"summary_large_image\" \/>\n<meta name=\"twitter:label1\" content=\"Becs\u00fclt olvas\u00e1si id\u0151\" \/>\n\t<meta name=\"twitter:data1\" content=\"6 perc\" \/>\n<script type=\"application\/ld+json\" class=\"yoast-schema-graph\">{\"@context\":\"https:\/\/schema.org\",\"@graph\":[{\"@type\":\"WebPage\",\"@id\":\"https:\/\/aktivmagyarorszag.hu\/aktiv-eletmod\/aktiv-naptar\/\",\"url\":\"https:\/\/aktivmagyarorszag.hu\/aktiv-eletmod\/aktiv-naptar\/\",\"name\":\"Akt\u00edv napt\u00e1r - Akt\u00edv \u00c9letm\u00f3d\",\"isPartOf\":{\"@id\":\"https:\/\/aktivmagyarorszag.hu\/aktiv-eletmod\/#website\"},\"primaryImageOfPage\":{\"@id\":\"https:\/\/aktivmagyarorszag.hu\/aktiv-eletmod\/aktiv-naptar\/#primaryimage\"},\"image\":{\"@id\":\"https:\/\/aktivmagyarorszag.hu\/aktiv-eletmod\/aktiv-naptar\/#primaryimage\"},\"thumbnailUrl\":\"https:\/\/aktivmagyarorszag.hu\/aktiv-eletmod\/wp-content\/uploads\/2025\/03\/aktivmagyarok_4.jpg\",\"datePublished\":\"2025-07-17T10:03:33+00:00\",\"dateModified\":\"2026-04-14T14:14:51+00:00\",\"breadcrumb\":{\"@id\":\"https:\/\/aktivmagyarorszag.hu\/aktiv-eletmod\/aktiv-naptar\/#breadcrumb\"},\"inLanguage\":\"hu\",\"potentialAction\":[{\"@type\":\"ReadAction\",\"target\":[\"https:\/\/aktivmagyarorszag.hu\/aktiv-eletmod\/aktiv-naptar\/\"]}]},{\"@type\":\"ImageObject\",\"inLanguage\":\"hu\",\"@id\":\"https:\/\/aktivmagyarorszag.hu\/aktiv-eletmod\/aktiv-naptar\/#primaryimage\",\"url\":\"https:\/\/aktivmagyarorszag.hu\/aktiv-eletmod\/wp-content\/uploads\/2025\/03\/aktivmagyarok_4.jpg\",\"contentUrl\":\"https:\/\/aktivmagyarorszag.hu\/aktiv-eletmod\/wp-content\/uploads\/2025\/03\/aktivmagyarok_4.jpg\",\"width\":1920,\"height\":1357},{\"@type\":\"BreadcrumbList\",\"@id\":\"https:\/\/aktivmagyarorszag.hu\/aktiv-eletmod\/aktiv-naptar\/#breadcrumb\",\"itemListElement\":[{\"@type\":\"ListItem\",\"position\":1,\"name\":\"Kezd\u0151lap\",\"item\":\"https:\/\/aktivmagyarorszag.hu\/aktiv-eletmod\/\"},{\"@type\":\"ListItem\",\"position\":2,\"name\":\"Akt\u00edv napt\u00e1r\"}]},{\"@type\":\"WebSite\",\"@id\":\"https:\/\/aktivmagyarorszag.hu\/aktiv-eletmod\/#website\",\"url\":\"https:\/\/aktivmagyarorszag.hu\/aktiv-eletmod\/\",\"name\":\"Akt\u00edv \u00c9letm\u00f3d\",\"description\":\"Akt\u00edv Magyarorsz\u00e1g\",\"potentialAction\":[{\"@type\":\"SearchAction\",\"target\":{\"@type\":\"EntryPoint\",\"urlTemplate\":\"https:\/\/aktivmagyarorszag.hu\/aktiv-eletmod\/?s={search_term_string}\"},\"query-input\":{\"@type\":\"PropertyValueSpecification\",\"valueRequired\":true,\"valueName\":\"search_term_string\"}}],\"inLanguage\":\"hu\"}]}<\/script>\n<!-- \/ Yoast SEO Premium plugin. -->","yoast_head_json":{"title":"Akt\u00edv napt\u00e1r - Akt\u00edv \u00c9letm\u00f3d","robots":{"index":"noindex","follow":"nofollow"},"og_locale":"hu_HU","og_type":"article","og_title":"Akt\u00edv napt\u00e1r","og_url":"https:\/\/aktivmagyarorszag.hu\/aktiv-eletmod\/aktiv-naptar\/","og_site_name":"Akt\u00edv \u00c9letm\u00f3d","article_modified_time":"2026-04-14T14:14:51+00:00","og_image":[{"width":1920,"height":1357,"url":"https:\/\/aktivmagyarorszag.hu\/aktiv-eletmod\/wp-content\/uploads\/2025\/03\/aktivmagyarok_4.jpg","type":"image\/jpeg"}],"twitter_card":"summary_large_image","twitter_misc":{"Becs\u00fclt olvas\u00e1si id\u0151":"6 perc"},"schema":{"@context":"https:\/\/schema.org","@graph":[{"@type":"WebPage","@id":"https:\/\/aktivmagyarorszag.hu\/aktiv-eletmod\/aktiv-naptar\/","url":"https:\/\/aktivmagyarorszag.hu\/aktiv-eletmod\/aktiv-naptar\/","name":"Akt\u00edv napt\u00e1r - Akt\u00edv \u00c9letm\u00f3d","isPartOf":{"@id":"https:\/\/aktivmagyarorszag.hu\/aktiv-eletmod\/#website"},"primaryImageOfPage":{"@id":"https:\/\/aktivmagyarorszag.hu\/aktiv-eletmod\/aktiv-naptar\/#primaryimage"},"image":{"@id":"https:\/\/aktivmagyarorszag.hu\/aktiv-eletmod\/aktiv-naptar\/#primaryimage"},"thumbnailUrl":"https:\/\/aktivmagyarorszag.hu\/aktiv-eletmod\/wp-content\/uploads\/2025\/03\/aktivmagyarok_4.jpg","datePublished":"2025-07-17T10:03:33+00:00","dateModified":"2026-04-14T14:14:51+00:00","breadcrumb":{"@id":"https:\/\/aktivmagyarorszag.hu\/aktiv-eletmod\/aktiv-naptar\/#breadcrumb"},"inLanguage":"hu","potentialAction":[{"@type":"ReadAction","target":["https:\/\/aktivmagyarorszag.hu\/aktiv-eletmod\/aktiv-naptar\/"]}]},{"@type":"ImageObject","inLanguage":"hu","@id":"https:\/\/aktivmagyarorszag.hu\/aktiv-eletmod\/aktiv-naptar\/#primaryimage","url":"https:\/\/aktivmagyarorszag.hu\/aktiv-eletmod\/wp-content\/uploads\/2025\/03\/aktivmagyarok_4.jpg","contentUrl":"https:\/\/aktivmagyarorszag.hu\/aktiv-eletmod\/wp-content\/uploads\/2025\/03\/aktivmagyarok_4.jpg","width":1920,"height":1357},{"@type":"BreadcrumbList","@id":"https:\/\/aktivmagyarorszag.hu\/aktiv-eletmod\/aktiv-naptar\/#breadcrumb","itemListElement":[{"@type":"ListItem","position":1,"name":"Kezd\u0151lap","item":"https:\/\/aktivmagyarorszag.hu\/aktiv-eletmod\/"},{"@type":"ListItem","position":2,"name":"Akt\u00edv napt\u00e1r"}]},{"@type":"WebSite","@id":"https:\/\/aktivmagyarorszag.hu\/aktiv-eletmod\/#website","url":"https:\/\/aktivmagyarorszag.hu\/aktiv-eletmod\/","name":"Akt\u00edv \u00c9letm\u00f3d","description":"Akt\u00edv Magyarorsz\u00e1g","potentialAction":[{"@type":"SearchAction","target":{"@type":"EntryPoint","urlTemplate":"https:\/\/aktivmagyarorszag.hu\/aktiv-eletmod\/?s={search_term_string}"},"query-input":{"@type":"PropertyValueSpecification","valueRequired":true,"valueName":"search_term_string"}}],"inLanguage":"hu"}]}},"uagb_featured_image_src":{"full":["https:\/\/aktivmagyarorszag.hu\/aktiv-eletmod\/wp-content\/uploads\/2025\/03\/aktivmagyarok_4.jpg",1920,1357,false],"thumbnail":["https:\/\/aktivmagyarorszag.hu\/aktiv-eletmod\/wp-content\/uploads\/2025\/03\/aktivmagyarok_4-150x150.jpg",150,150,true],"medium":["https:\/\/aktivmagyarorszag.hu\/aktiv-eletmod\/wp-content\/uploads\/2025\/03\/aktivmagyarok_4-300x212.jpg",300,212,true],"medium_large":["https:\/\/aktivmagyarorszag.hu\/aktiv-eletmod\/wp-content\/uploads\/2025\/03\/aktivmagyarok_4-768x543.jpg",768,543,true],"large":["https:\/\/aktivmagyarorszag.hu\/aktiv-eletmod\/wp-content\/uploads\/2025\/03\/aktivmagyarok_4-1024x724.jpg",1024,724,true],"1536x1536":["https:\/\/aktivmagyarorszag.hu\/aktiv-eletmod\/wp-content\/uploads\/2025\/03\/aktivmagyarok_4-1536x1086.jpg",1536,1086,true],"2048x2048":["https:\/\/aktivmagyarorszag.hu\/aktiv-eletmod\/wp-content\/uploads\/2025\/03\/aktivmagyarok_4.jpg",1920,1357,false],"bricks_large_16x9":["https:\/\/aktivmagyarorszag.hu\/aktiv-eletmod\/wp-content\/uploads\/2025\/03\/aktivmagyarok_4-1200x675.jpg",1200,675,true],"bricks_large":["https:\/\/aktivmagyarorszag.hu\/aktiv-eletmod\/wp-content\/uploads\/2025\/03\/aktivmagyarok_4-1200x848.jpg",1200,848,true],"bricks_large_square":["https:\/\/aktivmagyarorszag.hu\/aktiv-eletmod\/wp-content\/uploads\/2025\/03\/aktivmagyarok_4-1200x1200.jpg",1200,1200,true],"bricks_medium":["https:\/\/aktivmagyarorszag.hu\/aktiv-eletmod\/wp-content\/uploads\/2025\/03\/aktivmagyarok_4-600x424.jpg",600,424,true],"bricks_medium_square":["https:\/\/aktivmagyarorszag.hu\/aktiv-eletmod\/wp-content\/uploads\/2025\/03\/aktivmagyarok_4-600x600.jpg",600,600,true],"gform-image-choice-sm":["https:\/\/aktivmagyarorszag.hu\/aktiv-eletmod\/wp-content\/uploads\/2025\/03\/aktivmagyarok_4.jpg",300,212,false],"gform-image-choice-md":["https:\/\/aktivmagyarorszag.hu\/aktiv-eletmod\/wp-content\/uploads\/2025\/03\/aktivmagyarok_4.jpg",400,283,false],"gform-image-choice-lg":["https:\/\/aktivmagyarorszag.hu\/aktiv-eletmod\/wp-content\/uploads\/2025\/03\/aktivmagyarok_4.jpg",600,424,false]},"uagb_author_info":{"display_name":"admin","author_link":"https:\/\/aktivmagyarorszag.hu\/aktiv-eletmod\/author\/d7747b18ce504c64\/"},"uagb_comment_info":0,"uagb_excerpt":null,"_links":{"self":[{"href":"https:\/\/aktivmagyarorszag.hu\/aktiv-eletmod\/wp-json\/wp\/v2\/pages\/5111","targetHints":{"allow":["GET"]}}],"collection":[{"href":"https:\/\/aktivmagyarorszag.hu\/aktiv-eletmod\/wp-json\/wp\/v2\/pages"}],"about":[{"href":"https:\/\/aktivmagyarorszag.hu\/aktiv-eletmod\/wp-json\/wp\/v2\/types\/page"}],"author":[{"embeddable":true,"href":"https:\/\/aktivmagyarorszag.hu\/aktiv-eletmod\/wp-json\/wp\/v2\/users\/1"}],"replies":[{"embeddable":true,"href":"https:\/\/aktivmagyarorszag.hu\/aktiv-eletmod\/wp-json\/wp\/v2\/comments?post=5111"}],"version-history":[{"count":99,"href":"https:\/\/aktivmagyarorszag.hu\/aktiv-eletmod\/wp-json\/wp\/v2\/pages\/5111\/revisions"}],"predecessor-version":[{"id":8673,"href":"https:\/\/aktivmagyarorszag.hu\/aktiv-eletmod\/wp-json\/wp\/v2\/pages\/5111\/revisions\/8673"}],"wp:featuredmedia":[{"embeddable":true,"href":"https:\/\/aktivmagyarorszag.hu\/aktiv-eletmod\/wp-json\/wp\/v2\/media\/91"}],"wp:attachment":[{"href":"https:\/\/aktivmagyarorszag.hu\/aktiv-eletmod\/wp-json\/wp\/v2\/media?parent=5111"}],"curies":[{"name":"wp","href":"https:\/\/api.w.org\/{rel}","templated":true}]}}