{"id":205,"date":"2025-03-26T10:39:36","date_gmt":"2025-03-26T09:39:36","guid":{"rendered":"https:\/\/dev.aktivmagyarok.hu\/?page_id=205"},"modified":"2025-07-22T13:09:42","modified_gmt":"2025-07-22T11:09:42","slug":"fiokom","status":"publish","type":"page","link":"https:\/\/aktivmagyarorszag.hu\/aktiv-eletmod\/fiokom\/","title":{"rendered":"Fi\u00f3kom"},"content":{"rendered":"\n<div class=\"wp-block-uagb-container uagb-block-9126bca9 alignfull uagb-is-root-container\"><div class=\"uagb-container-inner-blocks-wrap\">\n<div class=\"wp-block-uagb-container uagb-block-b4a80fd5\">\n<h2 class=\"wp-block-heading\" id=\"h-hirlevel-feliratkozas\">H\u00edrlev\u00e9l feliratkoz\u00e1s<\/h2>\n\n\n\n<!-- Begin Mailchimp Signup Form -->\n<link href=\"\/\/cdn-images.mailchimp.com\/embedcode\/classic-071822.css\" rel=\"stylesheet\" type=\"text\/css\">\n<style type=\"text\/css\">\n\t#mc_embed_signup{background:#fff; clear:left; font:14px Helvetica,Arial,sans-serif;  width:600px;}\n\t\/* Add your own Mailchimp form style overrides in your site stylesheet or in this style block.\n\t   We recommend moving this block and the preceding CSS link to the HEAD of your HTML file. *\/\n<\/style>\n<style type=\"text\/css\">\n\t#mc-embedded-subscribe-form input[type=checkbox]{display: inline; width: auto;margin-right: 10px;}\n\t#mergeRow-gdpr {margin-top: 20px;}\n\t#mergeRow-gdpr fieldset label {font-weight: normal;}\n\t#mc-embedded-subscribe-form .mc_fieldset{border:none;min-height: 0px;padding-bottom:0px;}\n<\/style>\n<div id=\"mc_embed_signup\">\n    <form action=\"https:\/\/aofk.us5.list-manage.com\/subscribe\/post?u=e08cab58db6b3659aa485cc2f&amp;id=4065b8e536&amp;f_id=008b84e9f0\" method=\"post\" id=\"mc-embedded-subscribe-form\" name=\"mc-embedded-subscribe-form\" class=\"validate\" target=\"_blank\" novalidate=\"novalidate\">\n        <div id=\"mc_embed_signup_scroll\">\n        <div class=\"indicates-required\" style=\"display:none;\"><span class=\"asterisk\">*<\/span> k\u00f6telez\u0151 mez\u0151<\/div>\n<div class=\"mc-field-group\">\n\t<label for=\"mce-EMAIL\">E-mail c\u00edm  <span class=\"asterisk\">*<\/span>\n<\/label>\n\t<input type=\"email\" value=\"\" name=\"EMAIL\" class=\"required email\" id=\"mce-EMAIL\" placeholder=\"email@minta.hu\" required=\"\" aria-required=\"true\" aria-invalid=\"true\">\n\t<span id=\"mce-EMAIL-HELPERTEXT\" class=\"helper_text\"><\/span>\n<\/div>\n<div id=\"mergeRow-gdpr\" class=\"mergeRow gdpr-mergeRow content__gdprBlock mc-field-group\">\n    <div class=\"content__gdpr\">\n        <fieldset class=\"mc_fieldset gdprRequired mc-field-group\" name=\"interestgroup_field\">\n\t\t<label class=\"checkbox subfield\" for=\"gdpr_366972\"><input type=\"checkbox\" id=\"gdpr_366972\" name=\"gdpr[366972]\" value=\"Y\" class=\"av-checkbox\" required=\"\" aria-required=\"true\"><span>Kijelentem, hogy hozz\u00e1j\u00e1rulok a jelentkez\u00e9si lapon megadott adataim Akt\u00edv Magyarorsz\u00e1g Fejleszt\u00e9si K\u00f6zpont Nonprofit Kft. \u00e1ltali, Adatv\u00e9delmi t\u00e1j\u00e9koztat\u00f3 szerinti t\u00e1rol\u00e1s\u00e1hoz \u00e9s kezel\u00e9s\u00e9hez.<\/span> <\/label>\n        <\/fieldset>\n    <\/div>\n<\/div>\n\t<div id=\"mce-responses\" class=\"clear\">\n\t\t<div class=\"response\" id=\"mce-error-response\" style=\"display:none\"><\/div>\n\t\t<div class=\"response\" id=\"mce-success-response\" style=\"display:none\"><\/div>\n\t<\/div>    <!-- real people should not fill this in and expect good things - do not remove this or risk form bot signups-->\n    <div style=\"position: absolute; left: -5000px;\" aria-hidden=\"true\"><input type=\"text\" name=\"b_e08cab58db6b3659aa485cc2f_4065b8e536\" tabindex=\"-1\" value=\"\"><\/div>\n    <div class=\"clear\"><input type=\"submit\" value=\"Feliratkozom\" name=\"subscribe\" id=\"mailchimp-aofk\" class=\"yikes-easy-mc-submit-button yikes-easy-mc-submit-button-1 btn btn-primary  admin-logged-in\"><\/div>\n    <\/div>\n<\/form>\n<\/div>\n<script type=\"text\/javascript\" src=\"\/\/s3.amazonaws.com\/downloads.mailchimp.com\/js\/mc-validate.js\"><\/script><script type=\"text\/javascript\">(function($) {window.fnames = new Array(); window.ftypes = new Array();fnames[0]='EMAIL';ftypes[0]='email';fnames[1]='FNAME';ftypes[1]='text';fnames[2]='LNAME';ftypes[2]='text';fnames[3]='ADDRESS';ftypes[3]='address';fnames[4]='PHONE';ftypes[4]='phone';fnames[5]='BIRTHDAY';ftypes[5]='birthday'; \/*\n * Translated default messages for the $ validation plugin.\n * Locale: HU\n *\/\n$.extend($.validator.messages, {\n\trequired: \"K\u00f6telez\u0151!\",\n\tmaxlength: $.validator.format(\"Legfeljebb {0} karakter hossz\u00fa legyen.\"),\n\tminlength: $.validator.format(\"Legal\u00e1bb {0} karakter hossz\u00fa legyen.\"),\n\trangelength: $.validator.format(\"Legal\u00e1bb {0} \u00e9s legfeljebb {1} karakter hossz\u00fa legyen.\"),\n\temail: \"\u00c9rv\u00e9nyes e-mail c\u00edmnek kell lennie.\",\n\turl: \"\u00c9rv\u00e9nyes URL-nek kell lennie.\",\n\tdate: \"D\u00e1tumnak kell lennie.\",\n\tnumber: \"Sz\u00e1mnak kell lennie.\",\n\tdigits: \"Csak sz\u00e1mjegyek lehetnek.\",\n\tequalTo: \"Meg kell egyeznie a k\u00e9t \u00e9rt\u00e9knek.\",\n\trange: $.validator.format(\"{0} \u00e9s {1} k\u00f6z\u00e9 kell esnie.\"),\n\tmax: $.validator.format(\"Nem lehet nagyobb, mint {0}.\"),\n\tmin: $.validator.format(\"Nem lehet kisebb, mint {0}.\"),\n\tcreditcard: \"\u00c9rv\u00e9nyes hitelk\u00e1rtyasz\u00e1mnak kell lennie.\"\n});}(jQuery));var $mcj = jQuery.noConflict(true);<\/script>\n<!--End mc_embed_signup-->\n<\/div>\n\n\n\n<div class=\"wp-block-uagb-container uagb-block-cd214c07\">\n<h2 class=\"wp-block-heading\" id=\"h-fiok-letrehozasa\">Fi\u00f3k l\u00e9trehoz\u00e1sa<\/h2>\n\n\n\n<p>Hamarosan&#8230;<\/p>\n<\/div>\n<\/div><\/div>\n\n\n\n<p><\/p>\n","protected":false},"excerpt":{"rendered":"<p>H\u00edrlev\u00e9l feliratkoz\u00e1s * k\u00f6telez\u0151 mez\u0151 E-mail c\u00edm * Kijelentem, hogy hozz\u00e1j\u00e1rulok a jelentkez\u00e9si lapon megadott adataim Akt\u00edv Magyarorsz\u00e1g Fejleszt\u00e9si K\u00f6zpont Nonprofit Kft. \u00e1ltali, Adatv\u00e9delmi t\u00e1j\u00e9koztat\u00f3 szerinti t\u00e1rol\u00e1s\u00e1hoz \u00e9s kezel\u00e9s\u00e9hez. Fi\u00f3k l\u00e9trehoz\u00e1sa Hamarosan&#8230;<\/p>\n","protected":false},"author":1,"featured_media":0,"parent":0,"menu_order":0,"comment_status":"closed","ping_status":"closed","template":"","meta":{"_acf_changed":false,"_uag_custom_page_level_css":"","footnotes":""},"class_list":["post-205","page","type-page","status-publish","hentry"],"acf":[],"yoast_head":"<!-- This site is optimized with the Yoast SEO Premium plugin v27.2 (Yoast SEO v27.2) - https:\/\/yoast.com\/product\/yoast-seo-premium-wordpress\/ -->\n<title>Fi\u00f3kom - Akt\u00edv \u00c9letm\u00f3d<\/title>\n<meta name=\"robots\" content=\"index, follow, max-snippet:-1, max-image-preview:large, max-video-preview:-1\" \/>\n<link rel=\"canonical\" href=\"https:\/\/aktivmagyarorszag.hu\/aktiv-eletmod\/fiokom\/\" \/>\n<meta property=\"og:locale\" content=\"hu_HU\" \/>\n<meta property=\"og:type\" content=\"article\" \/>\n<meta property=\"og:title\" content=\"Fi\u00f3kom\" \/>\n<meta property=\"og:description\" content=\"H\u00edrlev\u00e9l feliratkoz\u00e1s * k\u00f6telez\u0151 mez\u0151 E-mail c\u00edm * Kijelentem, hogy hozz\u00e1j\u00e1rulok a jelentkez\u00e9si lapon megadott adataim Akt\u00edv Magyarorsz\u00e1g Fejleszt\u00e9si K\u00f6zpont Nonprofit Kft. \u00e1ltali, Adatv\u00e9delmi t\u00e1j\u00e9koztat\u00f3 szerinti t\u00e1rol\u00e1s\u00e1hoz \u00e9s kezel\u00e9s\u00e9hez. Fi\u00f3k l\u00e9trehoz\u00e1sa Hamarosan&#8230;\" \/>\n<meta property=\"og:url\" content=\"https:\/\/aktivmagyarorszag.hu\/aktiv-eletmod\/fiokom\/\" \/>\n<meta property=\"og:site_name\" content=\"Akt\u00edv \u00c9letm\u00f3d\" \/>\n<meta property=\"article:modified_time\" content=\"2025-07-22T11:09:42+00:00\" \/>\n<meta name=\"twitter:card\" content=\"summary_large_image\" \/>\n<meta name=\"twitter:label1\" content=\"Becs\u00fclt olvas\u00e1si id\u0151\" \/>\n\t<meta name=\"twitter:data1\" content=\"1 perc\" \/>\n<script type=\"application\/ld+json\" class=\"yoast-schema-graph\">{\"@context\":\"https:\/\/schema.org\",\"@graph\":[{\"@type\":\"WebPage\",\"@id\":\"https:\/\/aktivmagyarorszag.hu\/aktiv-eletmod\/fiokom\/\",\"url\":\"https:\/\/aktivmagyarorszag.hu\/aktiv-eletmod\/fiokom\/\",\"name\":\"Fi\u00f3kom - Akt\u00edv \u00c9letm\u00f3d\",\"isPartOf\":{\"@id\":\"https:\/\/aktivmagyarorszag.hu\/aktiv-eletmod\/#website\"},\"datePublished\":\"2025-03-26T09:39:36+00:00\",\"dateModified\":\"2025-07-22T11:09:42+00:00\",\"breadcrumb\":{\"@id\":\"https:\/\/aktivmagyarorszag.hu\/aktiv-eletmod\/fiokom\/#breadcrumb\"},\"inLanguage\":\"hu\",\"potentialAction\":[{\"@type\":\"ReadAction\",\"target\":[\"https:\/\/aktivmagyarorszag.hu\/aktiv-eletmod\/fiokom\/\"]}]},{\"@type\":\"BreadcrumbList\",\"@id\":\"https:\/\/aktivmagyarorszag.hu\/aktiv-eletmod\/fiokom\/#breadcrumb\",\"itemListElement\":[{\"@type\":\"ListItem\",\"position\":1,\"name\":\"Kezd\u0151lap\",\"item\":\"https:\/\/aktivmagyarorszag.hu\/aktiv-eletmod\/\"},{\"@type\":\"ListItem\",\"position\":2,\"name\":\"Fi\u00f3kom\"}]},{\"@type\":\"WebSite\",\"@id\":\"https:\/\/aktivmagyarorszag.hu\/aktiv-eletmod\/#website\",\"url\":\"https:\/\/aktivmagyarorszag.hu\/aktiv-eletmod\/\",\"name\":\"Akt\u00edv \u00c9letm\u00f3d\",\"description\":\"Akt\u00edv Magyarorsz\u00e1g\",\"potentialAction\":[{\"@type\":\"SearchAction\",\"target\":{\"@type\":\"EntryPoint\",\"urlTemplate\":\"https:\/\/aktivmagyarorszag.hu\/aktiv-eletmod\/?s={search_term_string}\"},\"query-input\":{\"@type\":\"PropertyValueSpecification\",\"valueRequired\":true,\"valueName\":\"search_term_string\"}}],\"inLanguage\":\"hu\"}]}<\/script>\n<!-- \/ Yoast SEO Premium plugin. -->","yoast_head_json":{"title":"Fi\u00f3kom - Akt\u00edv \u00c9letm\u00f3d","robots":{"index":"index","follow":"follow","max-snippet":"max-snippet:-1","max-image-preview":"max-image-preview:large","max-video-preview":"max-video-preview:-1"},"canonical":"https:\/\/aktivmagyarorszag.hu\/aktiv-eletmod\/fiokom\/","og_locale":"hu_HU","og_type":"article","og_title":"Fi\u00f3kom","og_description":"H\u00edrlev\u00e9l feliratkoz\u00e1s * k\u00f6telez\u0151 mez\u0151 E-mail c\u00edm * Kijelentem, hogy hozz\u00e1j\u00e1rulok a jelentkez\u00e9si lapon megadott adataim Akt\u00edv Magyarorsz\u00e1g Fejleszt\u00e9si K\u00f6zpont Nonprofit Kft. \u00e1ltali, Adatv\u00e9delmi t\u00e1j\u00e9koztat\u00f3 szerinti t\u00e1rol\u00e1s\u00e1hoz \u00e9s kezel\u00e9s\u00e9hez. Fi\u00f3k l\u00e9trehoz\u00e1sa Hamarosan&#8230;","og_url":"https:\/\/aktivmagyarorszag.hu\/aktiv-eletmod\/fiokom\/","og_site_name":"Akt\u00edv \u00c9letm\u00f3d","article_modified_time":"2025-07-22T11:09:42+00:00","twitter_card":"summary_large_image","twitter_misc":{"Becs\u00fclt olvas\u00e1si id\u0151":"1 perc"},"schema":{"@context":"https:\/\/schema.org","@graph":[{"@type":"WebPage","@id":"https:\/\/aktivmagyarorszag.hu\/aktiv-eletmod\/fiokom\/","url":"https:\/\/aktivmagyarorszag.hu\/aktiv-eletmod\/fiokom\/","name":"Fi\u00f3kom - Akt\u00edv \u00c9letm\u00f3d","isPartOf":{"@id":"https:\/\/aktivmagyarorszag.hu\/aktiv-eletmod\/#website"},"datePublished":"2025-03-26T09:39:36+00:00","dateModified":"2025-07-22T11:09:42+00:00","breadcrumb":{"@id":"https:\/\/aktivmagyarorszag.hu\/aktiv-eletmod\/fiokom\/#breadcrumb"},"inLanguage":"hu","potentialAction":[{"@type":"ReadAction","target":["https:\/\/aktivmagyarorszag.hu\/aktiv-eletmod\/fiokom\/"]}]},{"@type":"BreadcrumbList","@id":"https:\/\/aktivmagyarorszag.hu\/aktiv-eletmod\/fiokom\/#breadcrumb","itemListElement":[{"@type":"ListItem","position":1,"name":"Kezd\u0151lap","item":"https:\/\/aktivmagyarorszag.hu\/aktiv-eletmod\/"},{"@type":"ListItem","position":2,"name":"Fi\u00f3kom"}]},{"@type":"WebSite","@id":"https:\/\/aktivmagyarorszag.hu\/aktiv-eletmod\/#website","url":"https:\/\/aktivmagyarorszag.hu\/aktiv-eletmod\/","name":"Akt\u00edv \u00c9letm\u00f3d","description":"Akt\u00edv Magyarorsz\u00e1g","potentialAction":[{"@type":"SearchAction","target":{"@type":"EntryPoint","urlTemplate":"https:\/\/aktivmagyarorszag.hu\/aktiv-eletmod\/?s={search_term_string}"},"query-input":{"@type":"PropertyValueSpecification","valueRequired":true,"valueName":"search_term_string"}}],"inLanguage":"hu"}]}},"uagb_featured_image_src":{"full":false,"thumbnail":false,"medium":false,"medium_large":false,"large":false,"1536x1536":false,"2048x2048":false,"bricks_large_16x9":false,"bricks_large":false,"bricks_large_square":false,"bricks_medium":false,"bricks_medium_square":false,"gform-image-choice-sm":false,"gform-image-choice-md":false,"gform-image-choice-lg":false},"uagb_author_info":{"display_name":"admin","author_link":"https:\/\/aktivmagyarorszag.hu\/aktiv-eletmod\/author\/d7747b18ce504c64\/"},"uagb_comment_info":0,"uagb_excerpt":"H\u00edrlev\u00e9l feliratkoz\u00e1s * k\u00f6telez\u0151 mez\u0151 E-mail c\u00edm * Kijelentem, hogy hozz\u00e1j\u00e1rulok a jelentkez\u00e9si lapon megadott adataim Akt\u00edv Magyarorsz\u00e1g Fejleszt\u00e9si K\u00f6zpont Nonprofit Kft. \u00e1ltali, Adatv\u00e9delmi t\u00e1j\u00e9koztat\u00f3 szerinti t\u00e1rol\u00e1s\u00e1hoz \u00e9s kezel\u00e9s\u00e9hez. Fi\u00f3k l\u00e9trehoz\u00e1sa Hamarosan&#8230;","_links":{"self":[{"href":"https:\/\/aktivmagyarorszag.hu\/aktiv-eletmod\/wp-json\/wp\/v2\/pages\/205","targetHints":{"allow":["GET"]}}],"collection":[{"href":"https:\/\/aktivmagyarorszag.hu\/aktiv-eletmod\/wp-json\/wp\/v2\/pages"}],"about":[{"href":"https:\/\/aktivmagyarorszag.hu\/aktiv-eletmod\/wp-json\/wp\/v2\/types\/page"}],"author":[{"embeddable":true,"href":"https:\/\/aktivmagyarorszag.hu\/aktiv-eletmod\/wp-json\/wp\/v2\/users\/1"}],"replies":[{"embeddable":true,"href":"https:\/\/aktivmagyarorszag.hu\/aktiv-eletmod\/wp-json\/wp\/v2\/comments?post=205"}],"version-history":[{"count":5,"href":"https:\/\/aktivmagyarorszag.hu\/aktiv-eletmod\/wp-json\/wp\/v2\/pages\/205\/revisions"}],"predecessor-version":[{"id":5430,"href":"https:\/\/aktivmagyarorszag.hu\/aktiv-eletmod\/wp-json\/wp\/v2\/pages\/205\/revisions\/5430"}],"wp:attachment":[{"href":"https:\/\/aktivmagyarorszag.hu\/aktiv-eletmod\/wp-json\/wp\/v2\/media?parent=205"}],"curies":[{"name":"wp","href":"https:\/\/api.w.org\/{rel}","templated":true}]}}